{"id":2,"date":"2016-12-01T13:53:13","date_gmt":"2016-12-01T12:53:13","guid":{"rendered":"http:\/\/www.baeren-tal.de\/wordpress\/?page_id=2"},"modified":"2020-07-13T18:17:58","modified_gmt":"2020-07-13T16:17:58","slug":"beispiel-seite","status":"publish","type":"page","link":"https:\/\/www.baeren-tal.de\/wordpress\/","title":{"rendered":"Willkommen in B\u00e4ren-Tal"},"content":{"rendered":"<p><span style=\"margin: 0px; color: #1a1a1a; line-height: 107%; font-family: 'Times New Roman','serif'; font-size: 14pt;\">Neben meinen handgefertigten K\u00fcnstlerb\u00e4ren habe ich auch schon <strong>alte antike B\u00e4ren<\/strong> zu neuem Leben erweckt. Eine kurze Bildergeschichte nebst Erkl\u00e4rung kann in den Beitr\u00e4gen nachgelesen werden.<\/span><\/p>\n<p><img loading=\"lazy\" class=\"size-full wp-image-39 aligncenter\" src=\"http:\/\/www.baeren-tal.de\/wordpress\/wp-content\/uploads\/2016\/12\/reparatur.jpg\" alt=\"\" width=\"800\" height=\"318\" srcset=\"https:\/\/www.baeren-tal.de\/wordpress\/wp-content\/uploads\/2016\/12\/reparatur.jpg 800w, https:\/\/www.baeren-tal.de\/wordpress\/wp-content\/uploads\/2016\/12\/reparatur-300x119.jpg 300w, https:\/\/www.baeren-tal.de\/wordpress\/wp-content\/uploads\/2016\/12\/reparatur-768x305.jpg 768w\" sizes=\"(max-width: 800px) 85vw, 800px\" \/><\/p>\n<p>Sollte ich Ihr Interesse geweckt haben bzw. wenn bei Ihnen auch ein alter Teddy auf dem Dachboden \/ Keller schlummert, der wieder aufwachen soll, dann melden Sie sich einfach bei mir. Alles Weitere k\u00f6nnen wir dann besprechen &#8211; gern telefonisch.<\/p>\n<p><span style=\"margin: 0px; color: #1a1a1a; line-height: 107%; font-family: 'Times New Roman','serif'; font-size: 14pt;\">\u00dcbrigens n\u00e4he ich nach Wunsch auch Ihren B\u00e4ren nach bzw. neu. Hierf\u00fcr finden Sie ebenfalls Beispiele meiner Arbeit. <strong>Viel Freude beim St\u00f6bern!<\/strong><\/span><\/p>\n<p><a href=\"http:\/\/www.baeren-tal.de\">https:\/\/www.baeren-tal.de<\/a><\/p>\n\n\n<figure class=\"wp-block-image size-large\"><img loading=\"lazy\" width=\"952\" height=\"533\" src=\"https:\/\/www.baeren-tal.de\/wordpress\/wp-content\/uploads\/2020\/07\/portfolio1.jpg\" alt=\"\" class=\"wp-image-205\" srcset=\"https:\/\/www.baeren-tal.de\/wordpress\/wp-content\/uploads\/2020\/07\/portfolio1.jpg 952w, https:\/\/www.baeren-tal.de\/wordpress\/wp-content\/uploads\/2020\/07\/portfolio1-300x168.jpg 300w, https:\/\/www.baeren-tal.de\/wordpress\/wp-content\/uploads\/2020\/07\/portfolio1-768x430.jpg 768w\" sizes=\"(max-width: 709px) 85vw, (max-width: 909px) 67vw, (max-width: 1362px) 62vw, 840px\" \/><figcaption><a href=\"https:\/\/www.yumpu.com\/de\/document\/read\/63629776\/baren-tal-prasentiert-von-family-friends-e-v\">https:\/\/www.yumpu.com\/de\/document\/read\/63629776\/baren-tal-prasentiert-von-family-friends-e-v<\/a><\/figcaption><\/figure>\n\n\n\n<p><\/p>\n","protected":false},"excerpt":{"rendered":"<p>Neben meinen handgefertigten K\u00fcnstlerb\u00e4ren habe ich auch schon alte antike B\u00e4ren zu neuem Leben erweckt. Eine kurze Bildergeschichte nebst Erkl\u00e4rung kann in den Beitr\u00e4gen nachgelesen werden. Sollte ich Ihr Interesse geweckt haben bzw. wenn bei Ihnen auch ein alter Teddy auf dem Dachboden \/ Keller schlummert, der wieder aufwachen soll, dann melden Sie sich einfach &hellip; <a href=\"https:\/\/www.baeren-tal.de\/wordpress\/\" class=\"more-link\"><span class=\"screen-reader-text\">&#8222;Willkommen in B\u00e4ren-Tal&#8220; <\/span>weiterlesen<\/a><\/p>\n","protected":false},"author":1,"featured_media":8,"parent":0,"menu_order":0,"comment_status":"closed","ping_status":"open","template":"","meta":[],"_links":{"self":[{"href":"https:\/\/www.baeren-tal.de\/wordpress\/wp-json\/wp\/v2\/pages\/2"}],"collection":[{"href":"https:\/\/www.baeren-tal.de\/wordpress\/wp-json\/wp\/v2\/pages"}],"about":[{"href":"https:\/\/www.baeren-tal.de\/wordpress\/wp-json\/wp\/v2\/types\/page"}],"author":[{"embeddable":true,"href":"https:\/\/www.baeren-tal.de\/wordpress\/wp-json\/wp\/v2\/users\/1"}],"replies":[{"embeddable":true,"href":"https:\/\/www.baeren-tal.de\/wordpress\/wp-json\/wp\/v2\/comments?post=2"}],"version-history":[{"count":26,"href":"https:\/\/www.baeren-tal.de\/wordpress\/wp-json\/wp\/v2\/pages\/2\/revisions"}],"predecessor-version":[{"id":209,"href":"https:\/\/www.baeren-tal.de\/wordpress\/wp-json\/wp\/v2\/pages\/2\/revisions\/209"}],"wp:featuredmedia":[{"embeddable":true,"href":"https:\/\/www.baeren-tal.de\/wordpress\/wp-json\/wp\/v2\/media\/8"}],"wp:attachment":[{"href":"https:\/\/www.baeren-tal.de\/wordpress\/wp-json\/wp\/v2\/media?parent=2"}],"curies":[{"name":"wp","href":"https:\/\/api.w.org\/{rel}","templated":true}]}}