{"id":78,"date":"2017-11-04T15:18:41","date_gmt":"2017-11-04T14:18:41","guid":{"rendered":"http:\/\/www.baeren-tal.de\/wordpress\/?page_id=78"},"modified":"2017-11-04T16:06:51","modified_gmt":"2017-11-04T15:06:51","slug":"datenschutz","status":"publish","type":"page","link":"https:\/\/www.baeren-tal.de\/wordpress\/datenschutz\/","title":{"rendered":"Datenschutz"},"content":{"rendered":"<p><span style=\"color: #333333;\"><strong>Geltungsbereich<\/strong><\/span><\/p>\n<p><span style=\"color: #333333;\">Diese Datenschutzerkl\u00e4rung kl\u00e4rt Nutzer \u00fcber die Art, den Umfang und Zwecke der Erhebung und Verwendung personenbezogener Daten durch den verantwortlichen Anbieter [baeren-tal.de] auf dieser Website (im folgenden &#8222;Angebot&#8220;) auf.<\/span><\/p>\n<p><span style=\"color: #333333;\">Die rechtlichen Grundlagen des Datenschutzes finden sich im Bundesdatenschutzgesetz (BDSG) und dem Telemediengesetz (TMG).<\/span><\/p>\n<p><span style=\"color: #333333;\"><strong>Umgang mit personenbezogenen Daten<\/strong><\/span><\/p>\n<p><span style=\"color: #333333;\">Personenbezogene Daten sind Informationen, mit deren Hilfe eine Person bestimmbar ist, also Angaben, die zur\u00fcck zu einer Person verfolgt werden k\u00f6nnen. Dazu geh\u00f6ren der Name, die Emailadresse oder die Telefonnummer. Aber auch Daten \u00fcber Vorlieben, Hobbies, Mitgliedschaften oder welche Webseiten von jemandem angesehen wurden z\u00e4hlen zu personenbezogenen Daten.<\/span><\/p>\n<p><span style=\"color: #333333;\">Personenbezogene Daten werden von dem Anbieter nur dann erhoben, genutzt und weiter gegeben, wenn dies gesetzlich erlaubt ist oder die Nutzer in die Datenerhebung einwilligen.<\/span><\/p>\n<p><span style=\"color: #333333;\"><strong>Kontaktaufnahme<\/strong><\/span><\/p>\n<p><span style=\"color: #333333;\">Bei der Kontaktaufnahme mit dem Anbieter (zum Beispiel per Kontaktformular oder E-Mail) werden die Angaben des Nutzers zwecks Bearbeitung der Anfrage sowie f\u00fcr den Fall, dass Anschlussfragen entstehen, gespeichert.<\/span><\/p>\n<p><span style=\"color: #333333;\"><strong>Kommentare und Beitr\u00e4ge<\/strong><\/span><\/p>\n<p><span style=\"color: #333333;\">Wenn Nutzer Kommentare im G\u00e4stebuch oder sonstige Beitr\u00e4ge hinterlassen, werden ihre IP-Adressen gespeichert. Das erfolgt zur Sicherheit des Anbieters, falls jemand in Kommentaren und Beitr\u00e4gen widerrechtliche Inhalte schreibt (Beleidigungen, verbotene politische Propaganda, etc.). In diesem Fall kann der Anbieter selbst f\u00fcr den Kommentar oder Beitrag belangt werden und ist daher an der Identit\u00e4t des Verfassers interessiert.<\/span><\/p>\n<p><span style=\"color: #333333;\"><strong>Widerruf, \u00c4nderungen, Berichtigungen und Aktualisierungen<\/strong><\/span><\/p>\n<p><span style=\"color: #333333;\">Der Nutzer hat das Recht, auf Antrag unentgeltlich Auskunft zu erhalten \u00fcber die personenbezogenen Daten, die \u00fcber ihn gespeichert wurden. Zus\u00e4tzlich hat der Nutzer das Recht auf Berichtigung unrichtiger Daten, Sperrung und L\u00f6schung seiner personenbezogenen Daten, soweit dem keine gesetzliche Aufbewahrungspflicht entgegensteht.<\/span><\/p>\n<p>&nbsp;<\/p>\n","protected":false},"excerpt":{"rendered":"<p>Geltungsbereich Diese Datenschutzerkl\u00e4rung kl\u00e4rt Nutzer \u00fcber die Art, den Umfang und Zwecke der Erhebung und Verwendung personenbezogener Daten durch den verantwortlichen Anbieter [baeren-tal.de] auf dieser Website (im folgenden &#8222;Angebot&#8220;) auf. Die rechtlichen Grundlagen des Datenschutzes finden sich im Bundesdatenschutzgesetz (BDSG) und dem Telemediengesetz (TMG). Umgang mit personenbezogenen Daten Personenbezogene Daten sind Informationen, mit deren Hilfe &hellip; <a href=\"https:\/\/www.baeren-tal.de\/wordpress\/datenschutz\/\" class=\"more-link\"><span class=\"screen-reader-text\">&#8222;Datenschutz&#8220; <\/span>weiterlesen<\/a><\/p>\n","protected":false},"author":1,"featured_media":0,"parent":0,"menu_order":0,"comment_status":"closed","ping_status":"closed","template":"","meta":[],"_links":{"self":[{"href":"https:\/\/www.baeren-tal.de\/wordpress\/wp-json\/wp\/v2\/pages\/78"}],"collection":[{"href":"https:\/\/www.baeren-tal.de\/wordpress\/wp-json\/wp\/v2\/pages"}],"about":[{"href":"https:\/\/www.baeren-tal.de\/wordpress\/wp-json\/wp\/v2\/types\/page"}],"author":[{"embeddable":true,"href":"https:\/\/www.baeren-tal.de\/wordpress\/wp-json\/wp\/v2\/users\/1"}],"replies":[{"embeddable":true,"href":"https:\/\/www.baeren-tal.de\/wordpress\/wp-json\/wp\/v2\/comments?post=78"}],"version-history":[{"count":3,"href":"https:\/\/www.baeren-tal.de\/wordpress\/wp-json\/wp\/v2\/pages\/78\/revisions"}],"predecessor-version":[{"id":99,"href":"https:\/\/www.baeren-tal.de\/wordpress\/wp-json\/wp\/v2\/pages\/78\/revisions\/99"}],"wp:attachment":[{"href":"https:\/\/www.baeren-tal.de\/wordpress\/wp-json\/wp\/v2\/media?parent=78"}],"curies":[{"name":"wp","href":"https:\/\/api.w.org\/{rel}","templated":true}]}}